{"id":1311,"date":"2025-12-09T04:43:34","date_gmt":"2025-12-09T04:43:34","guid":{"rendered":"https:\/\/montesinosprocurador.es\/?page_id=1311"},"modified":"2025-12-17T08:19:05","modified_gmt":"2025-12-17T08:19:05","slug":"aviso-legal","status":"publish","type":"page","link":"https:\/\/montesinosprocurador.es\/en\/aviso-legal\/","title":{"rendered":"Aviso Legal"},"content":{"rendered":"<div data-elementor-type=\"wp-page\" data-elementor-id=\"1311\" class=\"elementor elementor-1311\">\n\t\t\t\t<div class=\"elementor-element elementor-element-734eaeed e-flex e-con-boxed e-con e-parent\" data-id=\"734eaeed\" data-element_type=\"container\" data-settings=\"{&quot;background_background&quot;:&quot;classic&quot;}\">\n\t\t\t\t\t<div class=\"e-con-inner\">\n\t\t\t\t<div class=\"elementor-element elementor-element-52ec371c elementor-widget elementor-widget-heading\" data-id=\"52ec371c\" data-element_type=\"widget\" data-widget_type=\"heading.default\">\n\t\t\t\t<div class=\"elementor-widget-container\">\n\t\t\t\t\t<h1 class=\"elementor-heading-title elementor-size-default\">Aviso Legal<\/h1>\t\t\t\t<\/div>\n\t\t\t\t<\/div>\n\t\t\t\t\t<\/div>\n\t\t\t\t<\/div>\n\t\t<div class=\"elementor-element elementor-element-282c8c7d e-flex e-con-boxed e-con e-parent\" data-id=\"282c8c7d\" data-element_type=\"container\">\n\t\t\t\t\t<div class=\"e-con-inner\">\n\t\t\t\t<div class=\"elementor-element elementor-element-315e4076 elementor-widget-divider--view-line elementor-widget elementor-widget-divider\" data-id=\"315e4076\" data-element_type=\"widget\" data-widget_type=\"divider.default\">\n\t\t\t\t<div class=\"elementor-widget-container\">\n\t\t\t\t\t\t\t<div class=\"elementor-divider\">\n\t\t\t<span class=\"elementor-divider-separator\">\n\t\t\t\t\t\t<\/span>\n\t\t<\/div>\n\t\t\t\t\t\t<\/div>\n\t\t\t\t<\/div>\n\t\t\t\t<div class=\"elementor-element elementor-element-37f27686 elementor-widget elementor-widget-text-editor\" data-id=\"37f27686\" data-element_type=\"widget\" data-widget_type=\"text-editor.default\">\n\t\t\t\t<div class=\"elementor-widget-container\">\n\t\t\t\t\t\t\t\t\t<p>Informaci\u00f3n general para dar cumplimiento a las obligaciones dispuestas en la Ley 34\/2002, de 11 de julio, de Servicios de la Sociedad de la Informaci\u00f3n y del Comercio Electr\u00f3nico.<\/p><p><strong>Denominaci\u00f3n comercial:<\/strong> Gabriela Montesinos Mart\u00ednez<\/p><p><strong>Titular:<\/strong> Gabriela Montesinos Mart\u00ednez<br \/><strong>CIF:<\/strong> ES 44852137K<br \/><strong>Direcci\u00f3n:<\/strong>\u00a0C\/La Nau 25, pta. 10 &#8211; 46003 &#8211; Valencia, Espa\u00f1a<br \/><strong>Email:<\/strong> info@montesinosprocurador.es<br \/><strong>Tel\u00e9fono:<\/strong> +34 96 351 67 77<\/p><p>Gabriela Montesinos Mart\u00ednez no se puede hacer responsable del uso incorrecto, inapropiado, indebido o il\u00edcito, por parte de terceros, de la informaci\u00f3n aparecida en las p\u00e1ginas de Internet de Gabriela Montesinos Mart\u00ednez Espa\u00f1a.<\/p><p>Igualmente, las p\u00e1ginas de Internet de Gabriela Montesinos Mart\u00ednez Espa\u00f1a pueden contener enlaces (links) a otras p\u00e1ginas de terceros que Gabriela Montesinos Mart\u00ednez no pueden controlar, por lo que no asumen responsabilidades por el contenido que pueda aparecer en dichas p\u00e1ginas. La existencia de estos enlaces no supone ning\u00fan tipo de asociaci\u00f3n, fusi\u00f3n o participaci\u00f3n con las entidades conectadas.<\/p><p>Gabriela Montesinos Mart\u00ednez no asume ninguna responsabilidad respecto a los contenidos o informaciones publicados por terceros en nuestra p\u00e1gina web www.montesinosprocurador.es. No obstante, atendiendo a la legislaci\u00f3n vigente, Gabriela Montesinos Mart\u00ednez se pone a disposici\u00f3n de las autoridades legalmente competentes, colaborando en la interrupci\u00f3n o en su caso retirada de los contenidos que puedan contravenir la legislaci\u00f3n nacional o internacional, vulnerar los derechos de terceros o ser contrarios a la moral o al orden p\u00fablico. Igualmente, en caso de que alg\u00fan usuario considere que existe en el sitio web alg\u00fan contenido susceptible de la meritada calificaci\u00f3n, rogamos lo notifique de forma inmediata por los medios de contacto arriba referenciados.<\/p><p>Gabriela Montesinos Mart\u00ednez es propietaria de todos los contenidos del sitio web o, en su caso, dispone de licencia o autorizaci\u00f3n por parte del propietario. La reproducci\u00f3n, distribuci\u00f3n, comercializaci\u00f3n o transformaci\u00f3n no autorizadas de cualquiera de los contenidos de la p\u00e1gina web constituye infracci\u00f3n de los derechos de propiedad intelectual e industrial y podr\u00e1 dar lugar a cuantas acciones judiciales o extrajudiciales les pudieran corresponder a los titulares de los derechos para la defensa de los mismo.<\/p><p>Para acceder a algunos de los servicios y\/o productos se ofrecen a trav\u00e9s del sitio web, deber\u00e1 proporcionar algunos datos de car\u00e1cter personal. Le informamos que Gabriela Montesinos Mart\u00ednez cumple con la normativa actualmente vigente en materia de Protecci\u00f3n de Datos Personales, puede usted obtener toda la informaci\u00f3n al respecto en el apartado <a title=\"Click para ver la Pol\u00edtica de Privacidad\" href=\"\/en\/politica-de-privacidad\/\"><em>(ver Pol\u00edtica de Privacidad)<\/em><\/a>.<\/p><p>Para cualquier tipo de contrato con Gabriela Montesinos Mart\u00ednez le informamos de las Condiciones Generales en el apartado <em>(ver Condiciones Generales).<\/em><\/p><h2>Propiedad Intelectual e Industrial<\/h2><p>Todos los contenidos existentes en el sitio web son propiedad de Gabriela Montesinos Mart\u00ednez \u00a0o de terceros, en todo caso est\u00e1n protegidos por la normativa de propiedad intelectual e industrial.<\/p><p>Queda prohibida la reproducci\u00f3n, distribuci\u00f3n, comercializaci\u00f3n o transformaci\u00f3n no autorizadas del contenido de esta p\u00e1gina web, tanto el de titularidad propia de Gabriela Montesinos Mart\u00ednez \u00a0como el cedido a esta por un tercero. Las referencias a marcas, nombres comerciales, logos o cualquier otro signo distintivo que se utilice en esta web llevan impl\u00edcita la prohibici\u00f3n de su uso sin el consentimiento expreso y escrito de Gabriela Montesinos Mart\u00ednez\u00a0 o del tercero titular. El uso de esta p\u00e1gina web no otorga derecho alguno sobre dichas marcas, nombres comerciales, logos o cualquier otro signo distintivo que se utilice en la misma.<\/p><p>En ning\u00fan caso Gabriela Montesinos Mart\u00ednez se hace responsable del uso indebido o inapropiado que un tercero haga del contenido existente en esta p\u00e1gina web, ni tampoco de las consecuencias que puedan derivarse de dicho uso.<\/p><p>Gabriela Montesinos Mart\u00ednez se reserva el ejercicio de todas las acciones judiciales o extrajudiciales que le puedan corresponder en defensa de sus leg\u00edtimos intereses y en protecci\u00f3n de los derechos de propiedad intelectual e industrial.<\/p><p>El RD Legislativo 1\/1996, de 12 de abril, por el que se aprueba el texto refundido de la Ley de Propiedad Intelectual, reconoce al titular de los derechos reconocidos en ella la posibilidad de instar el cese de la actividad il\u00edcita del infractor y exigir indemnizaci\u00f3n por los da\u00f1os materiales y morales causados. Dicha indemnizaci\u00f3n comprende no solo el valor de la p\u00e9rdida que haya sufrido Gabriela Montesinos Mart\u00ednez, sino que tambi\u00e9n comprender\u00e1 los gastos en que se haya incurrido para obtener las pruebas razonables de la comisi\u00f3n de la infracci\u00f3n objeto del procedimiento judicial. Conviene destacar tambi\u00e9n que la vulneraci\u00f3n de los derechos de propiedad intelectual e industrial pueden ser constitutivos de infracci\u00f3n penal, conllevando importantes sanciones econ\u00f3micas e incluso llegan a alcanzar penas de prisi\u00f3n.<\/p><h2>Pol\u00edtica de Calidad<\/h2><p>Gabriela Montesinos Mart\u00ednez es una empresa dedicada a la prestaci\u00f3n de servicios avanzados en diversos sectores industriales en el \u00e1mbito nacional e internacional:<\/p><p>\u2013 \u00abActividad de representaci\u00f3n y asesoramiento jur\u00eddico, incluyendo la representaci\u00f3n ante tribunales, el asesoramiento en derecho civil, penal y laboral, y la preparaci\u00f3n de documentos legales como estatutos o testamentos\u00bb.<\/p><p>Como continuidad a la trayectoria de Gabriela Montesinos Mart\u00ednez y para responder a las expectativas de sus clientes y de otros grupos de inter\u00e9s, la Direcci\u00f3n impulsa la Calidad presente en todas sus actividades pretendiendo:<\/p><ul><li>La mejora continua del sistema de gesti\u00f3n y del desempe\u00f1o de sus actividades en materia de calidad.<\/li><li>La satisfacci\u00f3n de los clientes y de otros grupos de inter\u00e9s centrada en la optimizaci\u00f3n de los recursos, la buena gesti\u00f3n interna, el respeto a las obligaciones legales y el aseguramiento de la calidad de sus prestaciones, que se alcanzar\u00e1 a trav\u00e9s de las acciones planificadas de prevenci\u00f3n, detecci\u00f3n, correcci\u00f3n y mejora continua.<\/li><\/ul><p>En este sentido, Gabriela Montesinos Mart\u00ednez establece las siguientes directrices y compromisos:<\/p><ul><li>Conocer a nuestros clientes y a otros grupos de inter\u00e9s, sus necesidades y expectativas, para asegurar desde el inicio de cada contrato que las especificaciones son factibles y que todo el personal implicado en su desarrollo y ejecuci\u00f3n las conoce y las comprende.<\/li><li>Asumir la necesidad de una mejora continua en nuestros productos y servicios, nuestros procesos y nuestras condiciones de trabajo. Mantener contacto con los clientes y con otros grupos de inter\u00e9s, para colaborar en la mejora continua del servicio.<\/li><li>Asegurar a los clientes y a otros grupos de inter\u00e9s que los productos y servicios ofrecidos y prestados son seguros y fiables y que cumplen con los requisitos, con las especificaciones y\/o con las normas aplicables.<\/li><li>Establecer sistemas de trabajo orientados a la prevenci\u00f3n de fallos potenciales; no s\u00f3lo a su detecci\u00f3n y soluci\u00f3n.<\/li><\/ul><p>Gabriela Montesinos Mart\u00ednez velar\u00e1 por la adecuada implantaci\u00f3n, el desempe\u00f1o y la mejora continua de la eficacia y de la capacidad del Sistema de Gesti\u00f3n para lograr los resultados previstos en todos los \u00e1mbitos y actividades de la organizaci\u00f3n, proporcionando los recursos necesarios.<\/p><p>Los objetivos espec\u00edficos de Calidad forman parte de los objetivos generales de Gabriela Montesinos Mart\u00ednez, que se definen cada a\u00f1o y est\u00e1n detallados en planes o programas concretos para su consecuci\u00f3n, con definici\u00f3n de los responsables de los mismos, plazos de ejecuci\u00f3n y medios necesarios para alcanzarlos.<\/p><p>La implantaci\u00f3n de esta Pol\u00edtica es responsabilidad de todos los miembros de la empresa, comenzando por la Direcci\u00f3n. Para que sea entendida, aplicada y mantenida al d\u00eda, la Direcci\u00f3n se compromete a divulgarla, de forma que todas las personas de la organizaci\u00f3n o relacionadas con ella, a cualquier nivel, tengan la informaci\u00f3n y la formaci\u00f3n necesaria que les permita realizar sus actividades conforme a lo establecido en el Sistema de Gesti\u00f3n.<\/p><p>Gabriela Montesinos Mart\u00ednez, a Octubre de 2025.<\/p>\t\t\t\t\t\t\t\t<\/div>\n\t\t\t\t<\/div>\n\t\t\t\t\t<\/div>\n\t\t\t\t<\/div>\n\t\t\t\t<\/div>","protected":false},"excerpt":{"rendered":"<p>Aviso Legal Informaci\u00f3n general para dar cumplimiento a las obligaciones dispuestas en la Ley 34\/2002, de 11 de julio, de [&hellip;]<\/p>","protected":false},"author":1,"featured_media":0,"parent":0,"menu_order":0,"comment_status":"closed","ping_status":"closed","template":"elementor_header_footer","meta":{"site-sidebar-layout":"no-sidebar","site-content-layout":"","ast-site-content-layout":"full-width-container","site-content-style":"default","site-sidebar-style":"default","ast-global-header-display":"","ast-banner-title-visibility":"","ast-main-header-display":"","ast-hfb-above-header-display":"","ast-hfb-below-header-display":"","ast-hfb-mobile-header-display":"","site-post-title":"","ast-breadcrumbs-content":"","ast-featured-img":"disabled","footer-sml-layout":"","theme-transparent-header-meta":"","adv-header-id-meta":"","stick-header-meta":"","header-above-stick-meta":"","header-main-stick-meta":"","header-below-stick-meta":"","astra-migrate-meta-layouts":"default","ast-page-background-enabled":"default","ast-page-background-meta":{"desktop":{"background-color":"var(--ast-global-color-4)","background-image":"","background-repeat":"repeat","background-position":"center center","background-size":"auto","background-attachment":"scroll","background-type":"","background-media":"","overlay-type":"","overlay-color":"","overlay-opacity":"","overlay-gradient":""},"tablet":{"background-color":"","background-image":"","background-repeat":"repeat","background-position":"center center","background-size":"auto","background-attachment":"scroll","background-type":"","background-media":"","overlay-type":"","overlay-color":"","overlay-opacity":"","overlay-gradient":""},"mobile":{"background-color":"","background-image":"","background-repeat":"repeat","background-position":"center center","background-size":"auto","background-attachment":"scroll","background-type":"","background-media":"","overlay-type":"","overlay-color":"","overlay-opacity":"","overlay-gradient":""}},"ast-content-background-meta":{"desktop":{"background-color":"var(--ast-global-color-5)","background-image":"","background-repeat":"repeat","background-position":"center center","background-size":"auto","background-attachment":"scroll","background-type":"","background-media":"","overlay-type":"","overlay-color":"","overlay-opacity":"","overlay-gradient":""},"tablet":{"background-color":"var(--ast-global-color-5)","background-image":"","background-repeat":"repeat","background-position":"center center","background-size":"auto","background-attachment":"scroll","background-type":"","background-media":"","overlay-type":"","overlay-color":"","overlay-opacity":"","overlay-gradient":""},"mobile":{"background-color":"var(--ast-global-color-5)","background-image":"","background-repeat":"repeat","background-position":"center center","background-size":"auto","background-attachment":"scroll","background-type":"","background-media":"","overlay-type":"","overlay-color":"","overlay-opacity":"","overlay-gradient":""}},"footnotes":""},"class_list":["post-1311","page","type-page","status-publish","hentry"],"_links":{"self":[{"href":"https:\/\/montesinosprocurador.es\/en\/wp-json\/wp\/v2\/pages\/1311","targetHints":{"allow":["GET"]}}],"collection":[{"href":"https:\/\/montesinosprocurador.es\/en\/wp-json\/wp\/v2\/pages"}],"about":[{"href":"https:\/\/montesinosprocurador.es\/en\/wp-json\/wp\/v2\/types\/page"}],"author":[{"embeddable":true,"href":"https:\/\/montesinosprocurador.es\/en\/wp-json\/wp\/v2\/users\/1"}],"replies":[{"embeddable":true,"href":"https:\/\/montesinosprocurador.es\/en\/wp-json\/wp\/v2\/comments?post=1311"}],"version-history":[{"count":0,"href":"https:\/\/montesinosprocurador.es\/en\/wp-json\/wp\/v2\/pages\/1311\/revisions"}],"wp:attachment":[{"href":"https:\/\/montesinosprocurador.es\/en\/wp-json\/wp\/v2\/media?parent=1311"}],"curies":[{"name":"wp","href":"https:\/\/api.w.org\/{rel}","templated":true}]}}